{"id":359,"date":"2025-03-01T11:02:01","date_gmt":"2025-03-01T11:02:01","guid":{"rendered":"https:\/\/atelierdaconstrucao.com\/?page_id=359"},"modified":"2025-03-01T13:20:08","modified_gmt":"2025-03-01T13:20:08","slug":"remodelacao-de-terraco","status":"publish","type":"page","link":"https:\/\/atelierdaconstrucao.com\/en\/remodelacao-de-terraco\/","title":{"rendered":"Remodela\u00e7\u00e3o de Terra\u00e7o"},"content":{"rendered":"<div data-elementor-type=\"wp-page\" data-elementor-id=\"359\" class=\"elementor elementor-359\" data-elementor-post-type=\"page\">\n\t\t\t\t<div class=\"elementor-element elementor-element-7bf5c3d e-flex e-con-boxed e-con e-parent\" data-id=\"7bf5c3d\" data-element_type=\"container\">\n\t\t\t\t\t<div class=\"e-con-inner\">\n\t\t<div class=\"elementor-element elementor-element-bf0189c e-con-full e-flex e-con e-child\" data-id=\"bf0189c\" data-element_type=\"container\" data-settings=\"{&quot;background_background&quot;:&quot;classic&quot;}\">\n\t\t<div class=\"elementor-element elementor-element-7947217 e-flex e-con-boxed e-con e-child\" data-id=\"7947217\" data-element_type=\"container\">\n\t\t\t\t\t<div class=\"e-con-inner\">\n\t\t<div class=\"elementor-element elementor-element-0c7b359 e-con-full e-flex e-con e-child\" data-id=\"0c7b359\" data-element_type=\"container\">\n\t\t\t\t<div class=\"elementor-element elementor-element-c4c7236 elementor-widget__width-initial elementor-widget elementor-widget-heading\" data-id=\"c4c7236\" data-element_type=\"widget\" data-widget_type=\"heading.default\">\n\t\t\t\t<div class=\"elementor-widget-container\">\n\t\t\t\t\t<h3 class=\"elementor-heading-title elementor-size-default\">Vilamoura<\/h3>\t\t\t\t<\/div>\n\t\t\t\t<\/div>\n\t\t\t\t<div class=\"elementor-element elementor-element-267003d elementor-widget__width-initial elementor-widget elementor-widget-heading\" data-id=\"267003d\" data-element_type=\"widget\" data-widget_type=\"heading.default\">\n\t\t\t\t<div class=\"elementor-widget-container\">\n\t\t\t\t\t<h1 class=\"elementor-heading-title elementor-size-default\">Remodeling<br> Terrace<\/h1>\t\t\t\t<\/div>\n\t\t\t\t<\/div>\n\t\t\t\t<\/div>\n\t\t<div class=\"elementor-element elementor-element-887dd6d e-con-full e-flex e-con e-child\" data-id=\"887dd6d\" data-element_type=\"container\">\n\t\t\t\t<div class=\"elementor-element elementor-element-712585b elementor-widget elementor-widget-heading\" data-id=\"712585b\" data-element_type=\"widget\" data-widget_type=\"heading.default\">\n\t\t\t\t<div class=\"elementor-widget-container\">\n\t\t\t\t\t<h2 class=\"elementor-heading-title elementor-size-default\">Materials used:<\/h2>\t\t\t\t<\/div>\n\t\t\t\t<\/div>\n\t\t\t\t<div class=\"elementor-element elementor-element-69a7292 elementor-widget elementor-widget-text-editor\" data-id=\"69a7292\" data-element_type=\"widget\" data-widget_type=\"text-editor.default\">\n\t\t\t\t<div class=\"elementor-widget-container\">\n\t\t\t\t\t\t\t\t\t<ul><li>Outdoor Paving and Pool Lining - Argenta Storm Grey 90x90<\/li><\/ul>\t\t\t\t\t\t\t\t<\/div>\n\t\t\t\t<\/div>\n\t\t\t\t<div class=\"elementor-element elementor-element-ce50f5a elementor-icon-list--layout-inline elementor-list-item-link-full_width elementor-widget elementor-widget-icon-list\" data-id=\"ce50f5a\" data-element_type=\"widget\" data-widget_type=\"icon-list.default\">\n\t\t\t\t<div class=\"elementor-widget-container\">\n\t\t\t\t\t\t\t<ul class=\"elementor-icon-list-items elementor-inline-items\">\n\t\t\t\t\t\t\t<li class=\"elementor-icon-list-item elementor-inline-item\">\n\t\t\t\t\t\t\t\t\t\t<span class=\"elementor-icon-list-text\">2023<\/span>\n\t\t\t\t\t\t\t\t\t<\/li>\n\t\t\t\t\t\t\t\t<li class=\"elementor-icon-list-item elementor-inline-item\">\n\t\t\t\t\t\t\t\t\t\t<span class=\"elementor-icon-list-text\">Villa<\/span>\n\t\t\t\t\t\t\t\t\t<\/li>\n\t\t\t\t\t\t\t\t<li class=\"elementor-icon-list-item elementor-inline-item\">\n\t\t\t\t\t\t\t\t\t\t<span class=\"elementor-icon-list-text\">Vilamoura<\/span>\n\t\t\t\t\t\t\t\t\t<\/li>\n\t\t\t\t\t\t<\/ul>\n\t\t\t\t\t\t<\/div>\n\t\t\t\t<\/div>\n\t\t\t\t<\/div>\n\t\t<div class=\"elementor-element elementor-element-17a5136 e-con-full e-flex e-con e-child\" data-id=\"17a5136\" data-element_type=\"container\">\n\t\t\t\t<div class=\"elementor-element elementor-element-159f6d9 elementor-widget__width-initial elementor-invisible elementor-widget elementor-widget-image\" data-id=\"159f6d9\" data-element_type=\"widget\" data-settings=\"{&quot;_animation&quot;:&quot;fadeIn&quot;,&quot;_animation_delay&quot;:200}\" data-widget_type=\"image.default\">\n\t\t\t\t<div class=\"elementor-widget-container\">\n\t\t\t\t\t\t\t\t\t\t\t\t\t\t\t<img fetchpriority=\"high\" decoding=\"async\" width=\"1440\" height=\"662\" src=\"https:\/\/atelierdaconstrucao.com\/wp-content\/uploads\/2025\/03\/Atelier_da_construcao_remodelacao_Terraco_Moradia_Vilamoura_Portefolio_projecto_5.webp\" class=\"attachment-2048x2048 size-2048x2048 wp-image-364\" alt=\"\" srcset=\"https:\/\/atelierdaconstrucao.com\/wp-content\/uploads\/2025\/03\/Atelier_da_construcao_remodelacao_Terraco_Moradia_Vilamoura_Portefolio_projecto_5.webp 1440w, https:\/\/atelierdaconstrucao.com\/wp-content\/uploads\/2025\/03\/Atelier_da_construcao_remodelacao_Terraco_Moradia_Vilamoura_Portefolio_projecto_5-300x138.webp 300w, https:\/\/atelierdaconstrucao.com\/wp-content\/uploads\/2025\/03\/Atelier_da_construcao_remodelacao_Terraco_Moradia_Vilamoura_Portefolio_projecto_5-1024x471.webp 1024w, https:\/\/atelierdaconstrucao.com\/wp-content\/uploads\/2025\/03\/Atelier_da_construcao_remodelacao_Terraco_Moradia_Vilamoura_Portefolio_projecto_5-768x353.webp 768w\" sizes=\"(max-width: 1440px) 100vw, 1440px\" \/>\t\t\t\t\t\t\t\t\t\t\t\t\t\t\t<\/div>\n\t\t\t\t<\/div>\n\t\t\t\t<div class=\"elementor-element elementor-element-e992d1d elementor-widget__width-initial elementor-widget-mobile__width-initial elementor-invisible elementor-widget elementor-widget-image\" data-id=\"e992d1d\" data-element_type=\"widget\" data-settings=\"{&quot;_animation&quot;:&quot;fadeIn&quot;,&quot;_animation_delay&quot;:300}\" data-widget_type=\"image.default\">\n\t\t\t\t<div class=\"elementor-widget-container\">\n\t\t\t\t\t\t\t\t\t\t\t\t\t\t\t<img decoding=\"async\" width=\"1600\" height=\"1200\" src=\"https:\/\/atelierdaconstrucao.com\/wp-content\/uploads\/2025\/03\/Atelier_da_construcao_remodelacao_Terraco_Moradia_Vilamoura_Portefolio_projecto_2.webp\" class=\"attachment-2048x2048 size-2048x2048 wp-image-361\" alt=\"\" srcset=\"https:\/\/atelierdaconstrucao.com\/wp-content\/uploads\/2025\/03\/Atelier_da_construcao_remodelacao_Terraco_Moradia_Vilamoura_Portefolio_projecto_2.webp 1600w, https:\/\/atelierdaconstrucao.com\/wp-content\/uploads\/2025\/03\/Atelier_da_construcao_remodelacao_Terraco_Moradia_Vilamoura_Portefolio_projecto_2-300x225.webp 300w, https:\/\/atelierdaconstrucao.com\/wp-content\/uploads\/2025\/03\/Atelier_da_construcao_remodelacao_Terraco_Moradia_Vilamoura_Portefolio_projecto_2-1024x768.webp 1024w, https:\/\/atelierdaconstrucao.com\/wp-content\/uploads\/2025\/03\/Atelier_da_construcao_remodelacao_Terraco_Moradia_Vilamoura_Portefolio_projecto_2-768x576.webp 768w, https:\/\/atelierdaconstrucao.com\/wp-content\/uploads\/2025\/03\/Atelier_da_construcao_remodelacao_Terraco_Moradia_Vilamoura_Portefolio_projecto_2-1536x1152.webp 1536w\" sizes=\"(max-width: 1600px) 100vw, 1600px\" \/>\t\t\t\t\t\t\t\t\t\t\t\t\t\t\t<\/div>\n\t\t\t\t<\/div>\n\t\t\t\t<div class=\"elementor-element elementor-element-761b4d1 elementor-widget__width-initial elementor-widget-mobile__width-initial elementor-invisible elementor-widget elementor-widget-image\" data-id=\"761b4d1\" data-element_type=\"widget\" data-settings=\"{&quot;_animation&quot;:&quot;fadeIn&quot;,&quot;_animation_delay&quot;:400}\" data-widget_type=\"image.default\">\n\t\t\t\t<div class=\"elementor-widget-container\">\n\t\t\t\t\t\t\t\t\t\t\t\t\t\t\t<img decoding=\"async\" width=\"1536\" height=\"1152\" src=\"https:\/\/atelierdaconstrucao.com\/wp-content\/uploads\/2025\/03\/Atelier_da_construcao_remodelacao_Terraco_Moradia_Vilamoura_Portefolio_projecto_3-1536x1152.webp\" class=\"attachment-1536x1536 size-1536x1536 wp-image-362\" alt=\"\" srcset=\"https:\/\/atelierdaconstrucao.com\/wp-content\/uploads\/2025\/03\/Atelier_da_construcao_remodelacao_Terraco_Moradia_Vilamoura_Portefolio_projecto_3-1536x1152.webp 1536w, https:\/\/atelierdaconstrucao.com\/wp-content\/uploads\/2025\/03\/Atelier_da_construcao_remodelacao_Terraco_Moradia_Vilamoura_Portefolio_projecto_3-300x225.webp 300w, https:\/\/atelierdaconstrucao.com\/wp-content\/uploads\/2025\/03\/Atelier_da_construcao_remodelacao_Terraco_Moradia_Vilamoura_Portefolio_projecto_3-1024x768.webp 1024w, https:\/\/atelierdaconstrucao.com\/wp-content\/uploads\/2025\/03\/Atelier_da_construcao_remodelacao_Terraco_Moradia_Vilamoura_Portefolio_projecto_3-768x576.webp 768w, https:\/\/atelierdaconstrucao.com\/wp-content\/uploads\/2025\/03\/Atelier_da_construcao_remodelacao_Terraco_Moradia_Vilamoura_Portefolio_projecto_3.webp 1600w\" sizes=\"(max-width: 1536px) 100vw, 1536px\" \/>\t\t\t\t\t\t\t\t\t\t\t\t\t\t\t<\/div>\n\t\t\t\t<\/div>\n\t\t\t\t<div class=\"elementor-element elementor-element-298bdd6 elementor-widget__width-initial elementor-invisible elementor-widget elementor-widget-image\" data-id=\"298bdd6\" data-element_type=\"widget\" data-settings=\"{&quot;_animation&quot;:&quot;fadeIn&quot;,&quot;_animation_delay&quot;:500}\" data-widget_type=\"image.default\">\n\t\t\t\t<div class=\"elementor-widget-container\">\n\t\t\t\t\t\t\t\t\t\t\t\t\t\t\t<img loading=\"lazy\" decoding=\"async\" width=\"1600\" height=\"1200\" src=\"https:\/\/atelierdaconstrucao.com\/wp-content\/uploads\/2025\/03\/Atelier_da_construcao_remodelacao_Terraco_Moradia_Vilamoura_Portefolio_projecto_4.webp\" class=\"attachment-2048x2048 size-2048x2048 wp-image-363\" alt=\"\" srcset=\"https:\/\/atelierdaconstrucao.com\/wp-content\/uploads\/2025\/03\/Atelier_da_construcao_remodelacao_Terraco_Moradia_Vilamoura_Portefolio_projecto_4.webp 1600w, https:\/\/atelierdaconstrucao.com\/wp-content\/uploads\/2025\/03\/Atelier_da_construcao_remodelacao_Terraco_Moradia_Vilamoura_Portefolio_projecto_4-300x225.webp 300w, https:\/\/atelierdaconstrucao.com\/wp-content\/uploads\/2025\/03\/Atelier_da_construcao_remodelacao_Terraco_Moradia_Vilamoura_Portefolio_projecto_4-1024x768.webp 1024w, https:\/\/atelierdaconstrucao.com\/wp-content\/uploads\/2025\/03\/Atelier_da_construcao_remodelacao_Terraco_Moradia_Vilamoura_Portefolio_projecto_4-768x576.webp 768w, https:\/\/atelierdaconstrucao.com\/wp-content\/uploads\/2025\/03\/Atelier_da_construcao_remodelacao_Terraco_Moradia_Vilamoura_Portefolio_projecto_4-1536x1152.webp 1536w\" sizes=\"(max-width: 1600px) 100vw, 1600px\" \/>\t\t\t\t\t\t\t\t\t\t\t\t\t\t\t<\/div>\n\t\t\t\t<\/div>\n\t\t\t\t<\/div>\n\t\t\t\t\t<\/div>\n\t\t\t\t<\/div>\n\t\t\t\t<\/div>\n\t\t\t\t\t<\/div>\n\t\t\t\t<\/div>\n\t\t\t\t<\/div>","protected":false},"excerpt":{"rendered":"<p>Vilamoura Remodela\u00e7\u00e3o de Terra\u00e7o Materiais utilizados: Pavimento Exterior e Revestimento Piscina &#8211; Argenta Storm Grey 90&#215;90 2023 Moradia Vilamoura<\/p>","protected":false},"author":1,"featured_media":0,"parent":0,"menu_order":0,"comment_status":"closed","ping_status":"closed","template":"","meta":{"footnotes":""},"class_list":["post-359","page","type-page","status-publish","hentry"],"_links":{"self":[{"href":"https:\/\/atelierdaconstrucao.com\/en\/wp-json\/wp\/v2\/pages\/359","targetHints":{"allow":["GET"]}}],"collection":[{"href":"https:\/\/atelierdaconstrucao.com\/en\/wp-json\/wp\/v2\/pages"}],"about":[{"href":"https:\/\/atelierdaconstrucao.com\/en\/wp-json\/wp\/v2\/types\/page"}],"author":[{"embeddable":true,"href":"https:\/\/atelierdaconstrucao.com\/en\/wp-json\/wp\/v2\/users\/1"}],"replies":[{"embeddable":true,"href":"https:\/\/atelierdaconstrucao.com\/en\/wp-json\/wp\/v2\/comments?post=359"}],"version-history":[{"count":10,"href":"https:\/\/atelierdaconstrucao.com\/en\/wp-json\/wp\/v2\/pages\/359\/revisions"}],"predecessor-version":[{"id":441,"href":"https:\/\/atelierdaconstrucao.com\/en\/wp-json\/wp\/v2\/pages\/359\/revisions\/441"}],"wp:attachment":[{"href":"https:\/\/atelierdaconstrucao.com\/en\/wp-json\/wp\/v2\/media?parent=359"}],"curies":[{"name":"wp","href":"https:\/\/api.w.org\/{rel}","templated":true}]}}