{"id":349,"date":"2025-03-01T10:53:10","date_gmt":"2025-03-01T10:53:10","guid":{"rendered":"https:\/\/atelierdaconstrucao.com\/?page_id=349"},"modified":"2025-03-01T13:21:56","modified_gmt":"2025-03-01T13:21:56","slug":"remodelacao-moradia-em-s-bras-de-alportel","status":"publish","type":"page","link":"https:\/\/atelierdaconstrucao.com\/en\/remodelacao-moradia-em-s-bras-de-alportel\/","title":{"rendered":"Remodela\u00e7\u00e3o Moradia em S. Br\u00e1s de Alportel"},"content":{"rendered":"<div data-elementor-type=\"wp-page\" data-elementor-id=\"349\" class=\"elementor elementor-349\" data-elementor-post-type=\"page\">\n\t\t\t\t<div class=\"elementor-element elementor-element-f092105 e-flex e-con-boxed e-con e-parent\" data-id=\"f092105\" data-element_type=\"container\">\n\t\t\t\t\t<div class=\"e-con-inner\">\n\t\t<div class=\"elementor-element elementor-element-a5e1ab1 e-con-full e-flex e-con e-child\" data-id=\"a5e1ab1\" data-element_type=\"container\" data-settings=\"{&quot;background_background&quot;:&quot;classic&quot;}\">\n\t\t<div class=\"elementor-element elementor-element-e5b58f6 e-flex e-con-boxed e-con e-child\" data-id=\"e5b58f6\" data-element_type=\"container\">\n\t\t\t\t\t<div class=\"e-con-inner\">\n\t\t<div class=\"elementor-element elementor-element-2af0ced e-con-full e-flex e-con e-child\" data-id=\"2af0ced\" data-element_type=\"container\">\n\t\t\t\t<div class=\"elementor-element elementor-element-b77cacf elementor-widget__width-initial elementor-widget elementor-widget-heading\" data-id=\"b77cacf\" data-element_type=\"widget\" data-widget_type=\"heading.default\">\n\t\t\t\t<div class=\"elementor-widget-container\">\n\t\t\t\t\t<h3 class=\"elementor-heading-title elementor-size-default\">S. Br\u00e1s de Alportel<\/h3>\t\t\t\t<\/div>\n\t\t\t\t<\/div>\n\t\t\t\t<div class=\"elementor-element elementor-element-c0d70ab elementor-widget__width-initial elementor-widget elementor-widget-heading\" data-id=\"c0d70ab\" data-element_type=\"widget\" data-widget_type=\"heading.default\">\n\t\t\t\t<div class=\"elementor-widget-container\">\n\t\t\t\t\t<h1 class=\"elementor-heading-title elementor-size-default\">House remodelling<\/h1>\t\t\t\t<\/div>\n\t\t\t\t<\/div>\n\t\t\t\t<\/div>\n\t\t<div class=\"elementor-element elementor-element-a0387ba e-con-full e-flex e-con e-child\" data-id=\"a0387ba\" data-element_type=\"container\">\n\t\t\t\t<div class=\"elementor-element elementor-element-02cbdcc elementor-widget elementor-widget-heading\" data-id=\"02cbdcc\" data-element_type=\"widget\" data-widget_type=\"heading.default\">\n\t\t\t\t<div class=\"elementor-widget-container\">\n\t\t\t\t\t<h2 class=\"elementor-heading-title elementor-size-default\">Materials used:<\/h2>\t\t\t\t<\/div>\n\t\t\t\t<\/div>\n\t\t\t\t<div class=\"elementor-element elementor-element-e472328 elementor-widget elementor-widget-text-editor\" data-id=\"e472328\" data-element_type=\"widget\" data-widget_type=\"text-editor.default\">\n\t\t\t\t<div class=\"elementor-widget-container\">\n\t\t\t\t\t\t\t\t\t<ul><li class=\"a-b-r-La\">Flooring - Egger Revestimentos - Keraben and Argenta<\/li><li class=\"a-b-r-La\">Furniture - Banhoazis and Moovlux<\/li><li class=\"a-b-r-La\">Taps - Bruma<\/li><li class=\"a-b-r-La\">Shower Enclosure: A.J.Nogueira<\/li><li class=\"a-b-r-La\">Toilets - Arch Valadares<\/li><li class=\"a-b-r-La\">Shower tray - ASD<\/li><\/ul>\t\t\t\t\t\t\t\t<\/div>\n\t\t\t\t<\/div>\n\t\t\t\t<div class=\"elementor-element elementor-element-4399894 elementor-icon-list--layout-inline elementor-list-item-link-full_width elementor-widget elementor-widget-icon-list\" data-id=\"4399894\" data-element_type=\"widget\" data-widget_type=\"icon-list.default\">\n\t\t\t\t<div class=\"elementor-widget-container\">\n\t\t\t\t\t\t\t<ul class=\"elementor-icon-list-items elementor-inline-items\">\n\t\t\t\t\t\t\t<li class=\"elementor-icon-list-item elementor-inline-item\">\n\t\t\t\t\t\t\t\t\t\t<span class=\"elementor-icon-list-text\">2023<\/span>\n\t\t\t\t\t\t\t\t\t<\/li>\n\t\t\t\t\t\t\t\t<li class=\"elementor-icon-list-item elementor-inline-item\">\n\t\t\t\t\t\t\t\t\t\t<span class=\"elementor-icon-list-text\">Villa<\/span>\n\t\t\t\t\t\t\t\t\t<\/li>\n\t\t\t\t\t\t\t\t<li class=\"elementor-icon-list-item elementor-inline-item\">\n\t\t\t\t\t\t\t\t\t\t<span class=\"elementor-icon-list-text\">S. Br\u00e1s de Alportel<\/span>\n\t\t\t\t\t\t\t\t\t<\/li>\n\t\t\t\t\t\t<\/ul>\n\t\t\t\t\t\t<\/div>\n\t\t\t\t<\/div>\n\t\t\t\t<\/div>\n\t\t<div class=\"elementor-element elementor-element-14a3416 e-con-full e-flex e-con e-child\" data-id=\"14a3416\" data-element_type=\"container\">\n\t\t\t\t<div class=\"elementor-element elementor-element-9b15db9 elementor-widget__width-initial elementor-invisible elementor-widget elementor-widget-image\" data-id=\"9b15db9\" data-element_type=\"widget\" data-settings=\"{&quot;_animation&quot;:&quot;fadeIn&quot;,&quot;_animation_delay&quot;:200}\" data-widget_type=\"image.default\">\n\t\t\t\t<div class=\"elementor-widget-container\">\n\t\t\t\t\t\t\t\t\t\t\t\t\t\t\t<img fetchpriority=\"high\" decoding=\"async\" width=\"2048\" height=\"1365\" src=\"https:\/\/atelierdaconstrucao.com\/wp-content\/uploads\/2025\/03\/Remodelacao-Moradia-em-S.-Bras-de-Alportel1-2048x1365.jpg\" class=\"attachment-2048x2048 size-2048x2048 wp-image-354\" alt=\"\" srcset=\"https:\/\/atelierdaconstrucao.com\/wp-content\/uploads\/2025\/03\/Remodelacao-Moradia-em-S.-Bras-de-Alportel1-2048x1365.jpg 2048w, https:\/\/atelierdaconstrucao.com\/wp-content\/uploads\/2025\/03\/Remodelacao-Moradia-em-S.-Bras-de-Alportel1-300x200.jpg 300w, https:\/\/atelierdaconstrucao.com\/wp-content\/uploads\/2025\/03\/Remodelacao-Moradia-em-S.-Bras-de-Alportel1-1024x683.jpg 1024w, https:\/\/atelierdaconstrucao.com\/wp-content\/uploads\/2025\/03\/Remodelacao-Moradia-em-S.-Bras-de-Alportel1-768x512.jpg 768w, https:\/\/atelierdaconstrucao.com\/wp-content\/uploads\/2025\/03\/Remodelacao-Moradia-em-S.-Bras-de-Alportel1-1536x1024.jpg 1536w\" sizes=\"(max-width: 2048px) 100vw, 2048px\" \/>\t\t\t\t\t\t\t\t\t\t\t\t\t\t\t<\/div>\n\t\t\t\t<\/div>\n\t\t\t\t<div class=\"elementor-element elementor-element-6f10b7c elementor-widget__width-initial elementor-widget-mobile__width-initial elementor-invisible elementor-widget elementor-widget-image\" data-id=\"6f10b7c\" data-element_type=\"widget\" data-settings=\"{&quot;_animation&quot;:&quot;fadeIn&quot;,&quot;_animation_delay&quot;:300}\" data-widget_type=\"image.default\">\n\t\t\t\t<div class=\"elementor-widget-container\">\n\t\t\t\t\t\t\t\t\t\t\t\t\t\t\t<img decoding=\"async\" width=\"1365\" height=\"2048\" src=\"https:\/\/atelierdaconstrucao.com\/wp-content\/uploads\/2025\/03\/Remodelacao-Moradia-em-S.-Bras-de-Alportel3-1365x2048.jpeg\" class=\"attachment-2048x2048 size-2048x2048 wp-image-352\" alt=\"\" srcset=\"https:\/\/atelierdaconstrucao.com\/wp-content\/uploads\/2025\/03\/Remodelacao-Moradia-em-S.-Bras-de-Alportel3-1365x2048.jpeg 1365w, https:\/\/atelierdaconstrucao.com\/wp-content\/uploads\/2025\/03\/Remodelacao-Moradia-em-S.-Bras-de-Alportel3-200x300.jpeg 200w, https:\/\/atelierdaconstrucao.com\/wp-content\/uploads\/2025\/03\/Remodelacao-Moradia-em-S.-Bras-de-Alportel3-683x1024.jpeg 683w, https:\/\/atelierdaconstrucao.com\/wp-content\/uploads\/2025\/03\/Remodelacao-Moradia-em-S.-Bras-de-Alportel3-768x1152.jpeg 768w, https:\/\/atelierdaconstrucao.com\/wp-content\/uploads\/2025\/03\/Remodelacao-Moradia-em-S.-Bras-de-Alportel3-1024x1536.jpeg 1024w, https:\/\/atelierdaconstrucao.com\/wp-content\/uploads\/2025\/03\/Remodelacao-Moradia-em-S.-Bras-de-Alportel3.jpeg 1574w\" sizes=\"(max-width: 1365px) 100vw, 1365px\" \/>\t\t\t\t\t\t\t\t\t\t\t\t\t\t\t<\/div>\n\t\t\t\t<\/div>\n\t\t\t\t<div class=\"elementor-element elementor-element-d4f5024 elementor-widget__width-initial elementor-widget-mobile__width-initial elementor-invisible elementor-widget elementor-widget-image\" data-id=\"d4f5024\" data-element_type=\"widget\" data-settings=\"{&quot;_animation&quot;:&quot;fadeIn&quot;,&quot;_animation_delay&quot;:400}\" data-widget_type=\"image.default\">\n\t\t\t\t<div class=\"elementor-widget-container\">\n\t\t\t\t\t\t\t\t\t\t\t\t\t\t\t<img decoding=\"async\" width=\"1536\" height=\"1024\" src=\"https:\/\/atelierdaconstrucao.com\/wp-content\/uploads\/2025\/03\/Remodelacao-Moradia-em-S.-Bras-de-Alportel2-1536x1024.jpeg\" class=\"attachment-1536x1536 size-1536x1536 wp-image-353\" alt=\"\" srcset=\"https:\/\/atelierdaconstrucao.com\/wp-content\/uploads\/2025\/03\/Remodelacao-Moradia-em-S.-Bras-de-Alportel2-1536x1024.jpeg 1536w, https:\/\/atelierdaconstrucao.com\/wp-content\/uploads\/2025\/03\/Remodelacao-Moradia-em-S.-Bras-de-Alportel2-300x200.jpeg 300w, https:\/\/atelierdaconstrucao.com\/wp-content\/uploads\/2025\/03\/Remodelacao-Moradia-em-S.-Bras-de-Alportel2-1024x683.jpeg 1024w, https:\/\/atelierdaconstrucao.com\/wp-content\/uploads\/2025\/03\/Remodelacao-Moradia-em-S.-Bras-de-Alportel2-768x512.jpeg 768w, https:\/\/atelierdaconstrucao.com\/wp-content\/uploads\/2025\/03\/Remodelacao-Moradia-em-S.-Bras-de-Alportel2-2048x1365.jpeg 2048w\" sizes=\"(max-width: 1536px) 100vw, 1536px\" \/>\t\t\t\t\t\t\t\t\t\t\t\t\t\t\t<\/div>\n\t\t\t\t<\/div>\n\t\t\t\t<div class=\"elementor-element elementor-element-3130271 elementor-widget__width-initial elementor-invisible elementor-widget elementor-widget-image\" data-id=\"3130271\" data-element_type=\"widget\" data-settings=\"{&quot;_animation&quot;:&quot;fadeIn&quot;,&quot;_animation_delay&quot;:500}\" data-widget_type=\"image.default\">\n\t\t\t\t<div class=\"elementor-widget-container\">\n\t\t\t\t\t\t\t\t\t\t\t\t\t\t\t<img loading=\"lazy\" decoding=\"async\" width=\"1365\" height=\"2048\" src=\"https:\/\/atelierdaconstrucao.com\/wp-content\/uploads\/2025\/03\/Remodelacao-Moradia-em-S.-Bras-de-Alportel4-1365x2048.jpg\" class=\"attachment-2048x2048 size-2048x2048 wp-image-355\" alt=\"\" srcset=\"https:\/\/atelierdaconstrucao.com\/wp-content\/uploads\/2025\/03\/Remodelacao-Moradia-em-S.-Bras-de-Alportel4-1365x2048.jpg 1365w, https:\/\/atelierdaconstrucao.com\/wp-content\/uploads\/2025\/03\/Remodelacao-Moradia-em-S.-Bras-de-Alportel4-200x300.jpg 200w, https:\/\/atelierdaconstrucao.com\/wp-content\/uploads\/2025\/03\/Remodelacao-Moradia-em-S.-Bras-de-Alportel4-682x1024.jpg 682w, https:\/\/atelierdaconstrucao.com\/wp-content\/uploads\/2025\/03\/Remodelacao-Moradia-em-S.-Bras-de-Alportel4-768x1152.jpg 768w, https:\/\/atelierdaconstrucao.com\/wp-content\/uploads\/2025\/03\/Remodelacao-Moradia-em-S.-Bras-de-Alportel4-1024x1536.jpg 1024w, https:\/\/atelierdaconstrucao.com\/wp-content\/uploads\/2025\/03\/Remodelacao-Moradia-em-S.-Bras-de-Alportel4.jpg 1558w\" sizes=\"(max-width: 1365px) 100vw, 1365px\" \/>\t\t\t\t\t\t\t\t\t\t\t\t\t\t\t<\/div>\n\t\t\t\t<\/div>\n\t\t\t\t<\/div>\n\t\t\t\t\t<\/div>\n\t\t\t\t<\/div>\n\t\t\t\t<\/div>\n\t\t\t\t\t<\/div>\n\t\t\t\t<\/div>\n\t\t\t\t<\/div>","protected":false},"excerpt":{"rendered":"<p>S. Br\u00e1s de Alportel Remodela\u00e7\u00e3o Moradia Materiais utilizados: Pavimento Flutuante &#8211; Egger Revestimentos &#8211; Keraben e Argenta M\u00f3veis &#8211; Banhoazis e Moovlux Torneiras &#8211; Bruma Resguardo Duche: A.J.Nogueira Sanit\u00e1rios &#8211; Arch Valadares Base Duche &#8211; ASD 2023 Moradia S. Br\u00e1s de Alportel<\/p>","protected":false},"author":1,"featured_media":0,"parent":0,"menu_order":0,"comment_status":"closed","ping_status":"closed","template":"","meta":{"footnotes":""},"class_list":["post-349","page","type-page","status-publish","hentry"],"_links":{"self":[{"href":"https:\/\/atelierdaconstrucao.com\/en\/wp-json\/wp\/v2\/pages\/349","targetHints":{"allow":["GET"]}}],"collection":[{"href":"https:\/\/atelierdaconstrucao.com\/en\/wp-json\/wp\/v2\/pages"}],"about":[{"href":"https:\/\/atelierdaconstrucao.com\/en\/wp-json\/wp\/v2\/types\/page"}],"author":[{"embeddable":true,"href":"https:\/\/atelierdaconstrucao.com\/en\/wp-json\/wp\/v2\/users\/1"}],"replies":[{"embeddable":true,"href":"https:\/\/atelierdaconstrucao.com\/en\/wp-json\/wp\/v2\/comments?post=349"}],"version-history":[{"count":10,"href":"https:\/\/atelierdaconstrucao.com\/en\/wp-json\/wp\/v2\/pages\/349\/revisions"}],"predecessor-version":[{"id":444,"href":"https:\/\/atelierdaconstrucao.com\/en\/wp-json\/wp\/v2\/pages\/349\/revisions\/444"}],"wp:attachment":[{"href":"https:\/\/atelierdaconstrucao.com\/en\/wp-json\/wp\/v2\/media?parent=349"}],"curies":[{"name":"wp","href":"https:\/\/api.w.org\/{rel}","templated":true}]}}