{"id":329,"date":"2025-03-01T10:38:37","date_gmt":"2025-03-01T10:38:37","guid":{"rendered":"https:\/\/atelierdaconstrucao.com\/?page_id=329"},"modified":"2025-03-01T12:21:39","modified_gmt":"2025-03-01T12:21:39","slug":"remodelacao-apartamento-quarteira","status":"publish","type":"page","link":"https:\/\/atelierdaconstrucao.com\/en\/remodelacao-apartamento-quarteira\/","title":{"rendered":"Remodela\u00e7\u00e3o Apartamento Quarteira"},"content":{"rendered":"<div data-elementor-type=\"wp-page\" data-elementor-id=\"329\" class=\"elementor elementor-329\" data-elementor-post-type=\"page\">\n\t\t\t\t<div class=\"elementor-element elementor-element-77a78b3 e-flex e-con-boxed e-con e-parent\" data-id=\"77a78b3\" data-element_type=\"container\">\n\t\t\t\t\t<div class=\"e-con-inner\">\n\t\t<div class=\"elementor-element elementor-element-8fe75b2 e-con-full e-flex e-con e-child\" data-id=\"8fe75b2\" data-element_type=\"container\" data-settings=\"{&quot;background_background&quot;:&quot;classic&quot;}\">\n\t\t<div class=\"elementor-element elementor-element-bea2d08 e-flex e-con-boxed e-con e-child\" data-id=\"bea2d08\" data-element_type=\"container\">\n\t\t\t\t\t<div class=\"e-con-inner\">\n\t\t<div class=\"elementor-element elementor-element-a4d1232 e-con-full e-flex e-con e-child\" data-id=\"a4d1232\" data-element_type=\"container\">\n\t\t\t\t<div class=\"elementor-element elementor-element-fdf57bc elementor-widget__width-initial elementor-widget elementor-widget-heading\" data-id=\"fdf57bc\" data-element_type=\"widget\" data-widget_type=\"heading.default\">\n\t\t\t\t<div class=\"elementor-widget-container\">\n\t\t\t\t\t<h3 class=\"elementor-heading-title elementor-size-default\">Quarteira<\/h3>\t\t\t\t<\/div>\n\t\t\t\t<\/div>\n\t\t\t\t<div class=\"elementor-element elementor-element-50293c1 elementor-widget__width-initial elementor-widget elementor-widget-heading\" data-id=\"50293c1\" data-element_type=\"widget\" data-widget_type=\"heading.default\">\n\t\t\t\t<div class=\"elementor-widget-container\">\n\t\t\t\t\t<h1 class=\"elementor-heading-title elementor-size-default\">Flat remodelling<\/h1>\t\t\t\t<\/div>\n\t\t\t\t<\/div>\n\t\t\t\t<\/div>\n\t\t<div class=\"elementor-element elementor-element-8cf6f24 e-con-full e-flex e-con e-child\" data-id=\"8cf6f24\" data-element_type=\"container\">\n\t\t\t\t<div class=\"elementor-element elementor-element-fdeb924 elementor-widget elementor-widget-heading\" data-id=\"fdeb924\" data-element_type=\"widget\" data-widget_type=\"heading.default\">\n\t\t\t\t<div class=\"elementor-widget-container\">\n\t\t\t\t\t<h2 class=\"elementor-heading-title elementor-size-default\">Materials used:<\/h2>\t\t\t\t<\/div>\n\t\t\t\t<\/div>\n\t\t\t\t<div class=\"elementor-element elementor-element-ad6897b elementor-widget elementor-widget-text-editor\" data-id=\"ad6897b\" data-element_type=\"widget\" data-widget_type=\"text-editor.default\">\n\t\t\t\t<div class=\"elementor-widget-container\">\n\t\t\t\t\t\t\t\t\t<ul><li>Vinyl flooring - Best Floor<\/li><li>Coatings - Keraben<\/li><li>Furniture - Banhoazis<\/li><li>Taps - Imex<\/li><li>Shower screen: Doccia<\/li><li>Toilets - Arch Valadares<\/li><li>Shower trays - ASD<\/li><\/ul>\t\t\t\t\t\t\t\t<\/div>\n\t\t\t\t<\/div>\n\t\t\t\t<div class=\"elementor-element elementor-element-412de62 elementor-icon-list--layout-inline elementor-list-item-link-full_width elementor-widget elementor-widget-icon-list\" data-id=\"412de62\" data-element_type=\"widget\" data-widget_type=\"icon-list.default\">\n\t\t\t\t<div class=\"elementor-widget-container\">\n\t\t\t\t\t\t\t<ul class=\"elementor-icon-list-items elementor-inline-items\">\n\t\t\t\t\t\t\t<li class=\"elementor-icon-list-item elementor-inline-item\">\n\t\t\t\t\t\t\t\t\t\t<span class=\"elementor-icon-list-text\">2023<\/span>\n\t\t\t\t\t\t\t\t\t<\/li>\n\t\t\t\t\t\t\t\t<li class=\"elementor-icon-list-item elementor-inline-item\">\n\t\t\t\t\t\t\t\t\t\t<span class=\"elementor-icon-list-text\">Flat<\/span>\n\t\t\t\t\t\t\t\t\t<\/li>\n\t\t\t\t\t\t\t\t<li class=\"elementor-icon-list-item elementor-inline-item\">\n\t\t\t\t\t\t\t\t\t\t<span class=\"elementor-icon-list-text\">Quarteira<\/span>\n\t\t\t\t\t\t\t\t\t<\/li>\n\t\t\t\t\t\t<\/ul>\n\t\t\t\t\t\t<\/div>\n\t\t\t\t<\/div>\n\t\t\t\t<\/div>\n\t\t<div class=\"elementor-element elementor-element-2812158 e-con-full e-flex e-con e-child\" data-id=\"2812158\" data-element_type=\"container\">\n\t\t\t\t<div class=\"elementor-element elementor-element-a54b539 elementor-widget__width-initial elementor-invisible elementor-widget elementor-widget-image\" data-id=\"a54b539\" data-element_type=\"widget\" data-settings=\"{&quot;_animation&quot;:&quot;fadeIn&quot;,&quot;_animation_delay&quot;:200}\" data-widget_type=\"image.default\">\n\t\t\t\t<div class=\"elementor-widget-container\">\n\t\t\t\t\t\t\t\t\t\t\t\t\t\t\t<img fetchpriority=\"high\" decoding=\"async\" width=\"1024\" height=\"768\" src=\"https:\/\/atelierdaconstrucao.com\/wp-content\/uploads\/2025\/03\/Remodelacao-apartamento-Quarteira-Atelier-da-Construcao2.jpeg\" class=\"attachment-2048x2048 size-2048x2048 wp-image-334\" alt=\"\" srcset=\"https:\/\/atelierdaconstrucao.com\/wp-content\/uploads\/2025\/03\/Remodelacao-apartamento-Quarteira-Atelier-da-Construcao2.jpeg 1024w, https:\/\/atelierdaconstrucao.com\/wp-content\/uploads\/2025\/03\/Remodelacao-apartamento-Quarteira-Atelier-da-Construcao2-300x225.jpeg 300w, https:\/\/atelierdaconstrucao.com\/wp-content\/uploads\/2025\/03\/Remodelacao-apartamento-Quarteira-Atelier-da-Construcao2-768x576.jpeg 768w\" sizes=\"(max-width: 1024px) 100vw, 1024px\" \/>\t\t\t\t\t\t\t\t\t\t\t\t\t\t\t<\/div>\n\t\t\t\t<\/div>\n\t\t\t\t<div class=\"elementor-element elementor-element-0f39890 elementor-widget__width-initial elementor-widget-mobile__width-initial elementor-invisible elementor-widget elementor-widget-image\" data-id=\"0f39890\" data-element_type=\"widget\" data-settings=\"{&quot;_animation&quot;:&quot;fadeIn&quot;,&quot;_animation_delay&quot;:300}\" data-widget_type=\"image.default\">\n\t\t\t\t<div class=\"elementor-widget-container\">\n\t\t\t\t\t\t\t\t\t\t\t\t\t\t\t<img decoding=\"async\" width=\"1024\" height=\"768\" src=\"https:\/\/atelierdaconstrucao.com\/wp-content\/uploads\/2025\/03\/Remodelacao-apartamento-Quarteira-Atelier-da-Construcao1.jpeg\" class=\"attachment-1536x1536 size-1536x1536 wp-image-333\" alt=\"\" srcset=\"https:\/\/atelierdaconstrucao.com\/wp-content\/uploads\/2025\/03\/Remodelacao-apartamento-Quarteira-Atelier-da-Construcao1.jpeg 1024w, https:\/\/atelierdaconstrucao.com\/wp-content\/uploads\/2025\/03\/Remodelacao-apartamento-Quarteira-Atelier-da-Construcao1-300x225.jpeg 300w, https:\/\/atelierdaconstrucao.com\/wp-content\/uploads\/2025\/03\/Remodelacao-apartamento-Quarteira-Atelier-da-Construcao1-768x576.jpeg 768w\" sizes=\"(max-width: 1024px) 100vw, 1024px\" \/>\t\t\t\t\t\t\t\t\t\t\t\t\t\t\t<\/div>\n\t\t\t\t<\/div>\n\t\t\t\t<div class=\"elementor-element elementor-element-a68b8a1 elementor-widget__width-initial elementor-widget-mobile__width-initial elementor-invisible elementor-widget elementor-widget-image\" data-id=\"a68b8a1\" data-element_type=\"widget\" data-settings=\"{&quot;_animation&quot;:&quot;fadeIn&quot;,&quot;_animation_delay&quot;:400}\" data-widget_type=\"image.default\">\n\t\t\t\t<div class=\"elementor-widget-container\">\n\t\t\t\t\t\t\t\t\t\t\t\t\t\t\t<img decoding=\"async\" width=\"1024\" height=\"768\" src=\"https:\/\/atelierdaconstrucao.com\/wp-content\/uploads\/2025\/03\/Remodelacao-apartamento-Quarteira-Atelier-da-Construcao.jpeg\" class=\"attachment-1536x1536 size-1536x1536 wp-image-332\" alt=\"\" srcset=\"https:\/\/atelierdaconstrucao.com\/wp-content\/uploads\/2025\/03\/Remodelacao-apartamento-Quarteira-Atelier-da-Construcao.jpeg 1024w, https:\/\/atelierdaconstrucao.com\/wp-content\/uploads\/2025\/03\/Remodelacao-apartamento-Quarteira-Atelier-da-Construcao-300x225.jpeg 300w, https:\/\/atelierdaconstrucao.com\/wp-content\/uploads\/2025\/03\/Remodelacao-apartamento-Quarteira-Atelier-da-Construcao-768x576.jpeg 768w\" sizes=\"(max-width: 1024px) 100vw, 1024px\" \/>\t\t\t\t\t\t\t\t\t\t\t\t\t\t\t<\/div>\n\t\t\t\t<\/div>\n\t\t\t\t<div class=\"elementor-element elementor-element-5eb251e elementor-widget__width-initial elementor-invisible elementor-widget elementor-widget-image\" data-id=\"5eb251e\" data-element_type=\"widget\" data-settings=\"{&quot;_animation&quot;:&quot;fadeIn&quot;,&quot;_animation_delay&quot;:500}\" data-widget_type=\"image.default\">\n\t\t\t\t<div class=\"elementor-widget-container\">\n\t\t\t\t\t\t\t\t\t\t\t\t\t\t\t<img loading=\"lazy\" decoding=\"async\" width=\"1024\" height=\"768\" src=\"https:\/\/atelierdaconstrucao.com\/wp-content\/uploads\/2025\/03\/Remodelacao-apartamento-Quarteira-Atelier-da-Construcao3.jpeg\" class=\"attachment-2048x2048 size-2048x2048 wp-image-335\" alt=\"\" srcset=\"https:\/\/atelierdaconstrucao.com\/wp-content\/uploads\/2025\/03\/Remodelacao-apartamento-Quarteira-Atelier-da-Construcao3.jpeg 1024w, https:\/\/atelierdaconstrucao.com\/wp-content\/uploads\/2025\/03\/Remodelacao-apartamento-Quarteira-Atelier-da-Construcao3-300x225.jpeg 300w, https:\/\/atelierdaconstrucao.com\/wp-content\/uploads\/2025\/03\/Remodelacao-apartamento-Quarteira-Atelier-da-Construcao3-768x576.jpeg 768w\" sizes=\"(max-width: 1024px) 100vw, 1024px\" \/>\t\t\t\t\t\t\t\t\t\t\t\t\t\t\t<\/div>\n\t\t\t\t<\/div>\n\t\t\t\t<\/div>\n\t\t\t\t\t<\/div>\n\t\t\t\t<\/div>\n\t\t\t\t<\/div>\n\t\t\t\t\t<\/div>\n\t\t\t\t<\/div>\n\t\t\t\t<\/div>","protected":false},"excerpt":{"rendered":"<p>Quarteira Remodela\u00e7\u00e3o Apartamento Materiais utilizados: Pavimento Vinilico &#8211; Best Floor Revestimentos &#8211; Keraben M\u00f3veis &#8211; Banhoazis Torneiras &#8211; Imex Resguardo Duche: Doccia Sanit\u00e1rios &#8211; Arch Valadares Bases Duche &#8211; ASD 2023 Apartamento Quarteira<\/p>","protected":false},"author":1,"featured_media":0,"parent":0,"menu_order":0,"comment_status":"closed","ping_status":"closed","template":"","meta":{"footnotes":""},"class_list":["post-329","page","type-page","status-publish","hentry"],"_links":{"self":[{"href":"https:\/\/atelierdaconstrucao.com\/en\/wp-json\/wp\/v2\/pages\/329","targetHints":{"allow":["GET"]}}],"collection":[{"href":"https:\/\/atelierdaconstrucao.com\/en\/wp-json\/wp\/v2\/pages"}],"about":[{"href":"https:\/\/atelierdaconstrucao.com\/en\/wp-json\/wp\/v2\/types\/page"}],"author":[{"embeddable":true,"href":"https:\/\/atelierdaconstrucao.com\/en\/wp-json\/wp\/v2\/users\/1"}],"replies":[{"embeddable":true,"href":"https:\/\/atelierdaconstrucao.com\/en\/wp-json\/wp\/v2\/comments?post=329"}],"version-history":[{"count":10,"href":"https:\/\/atelierdaconstrucao.com\/en\/wp-json\/wp\/v2\/pages\/329\/revisions"}],"predecessor-version":[{"id":438,"href":"https:\/\/atelierdaconstrucao.com\/en\/wp-json\/wp\/v2\/pages\/329\/revisions\/438"}],"wp:attachment":[{"href":"https:\/\/atelierdaconstrucao.com\/en\/wp-json\/wp\/v2\/media?parent=329"}],"curies":[{"name":"wp","href":"https:\/\/api.w.org\/{rel}","templated":true}]}}