{"id":316,"date":"2025-03-01T00:29:48","date_gmt":"2025-03-01T00:29:48","guid":{"rendered":"https:\/\/atelierdaconstrucao.com\/?page_id=316"},"modified":"2025-03-01T00:31:57","modified_gmt":"2025-03-01T00:31:57","slug":"politica-de-privacidade","status":"publish","type":"page","link":"https:\/\/atelierdaconstrucao.com\/en\/politica-de-privacidade\/","title":{"rendered":"Privacy Policy"},"content":{"rendered":"<div data-elementor-type=\"wp-page\" data-elementor-id=\"316\" class=\"elementor elementor-316\" data-elementor-post-type=\"page\">\n\t\t\t\t<div class=\"elementor-element elementor-element-e2407ac e-flex e-con-boxed e-con e-parent\" data-id=\"e2407ac\" data-element_type=\"container\">\n\t\t\t\t\t<div class=\"e-con-inner\">\n\t\t<div class=\"elementor-element elementor-element-ac0913e e-con-full e-flex e-con e-child\" data-id=\"ac0913e\" data-element_type=\"container\" data-settings=\"{&quot;background_background&quot;:&quot;classic&quot;}\">\n\t\t<div class=\"elementor-element elementor-element-8689dd9 e-flex e-con-boxed e-con e-child\" data-id=\"8689dd9\" data-element_type=\"container\">\n\t\t\t\t\t<div class=\"e-con-inner\">\n\t\t<div class=\"elementor-element elementor-element-c53047d e-con-full e-flex e-con e-child\" data-id=\"c53047d\" data-element_type=\"container\">\n\t\t\t\t<div class=\"elementor-element elementor-element-1cf58bc elementor-widget__width-initial elementor-widget elementor-widget-heading\" data-id=\"1cf58bc\" data-element_type=\"widget\" data-widget_type=\"heading.default\">\n\t\t\t\t<div class=\"elementor-widget-container\">\n\t\t\t\t\t<h1 class=\"elementor-heading-title elementor-size-default\">Privacy Policy<\/h1>\t\t\t\t<\/div>\n\t\t\t\t<\/div>\n\t\t\t\t<\/div>\n\t\t<div class=\"elementor-element elementor-element-c8ce1fd e-con-full e-flex e-con e-child\" data-id=\"c8ce1fd\" data-element_type=\"container\">\n\t\t\t\t<div class=\"elementor-element elementor-element-268a665 elementor-widget elementor-widget-text-editor\" data-id=\"268a665\" data-element_type=\"widget\" data-widget_type=\"text-editor.default\">\n\t\t\t\t<div class=\"elementor-widget-container\">\n\t\t\t\t\t\t\t\t\t<p><strong>Considera\u00e7\u00f5es gerais<br \/><\/strong>Atelier da Constru\u00e7\u00e3o \u2013 By AdC, Lda. (adiante designado por Atelier da Constru\u00e7\u00e3o), contribuinte n\u00ba 513\u00a0665 463, estabelecido em:<br \/>Sitio das Escanxinas \u2013 Caixa postal 338, 8135-016 Almancil, \u00e9 a empresa propriet\u00e1ria do s\u00edtio na Internet sob o dom\u00ednio www.atelierdaconstrucao.com, destinado \u00e0 apresenta\u00e7\u00e3o da sua marca, comunica\u00e7\u00e3o dos seus servi\u00e7os, portf\u00f3lio e forma de contacto.<\/p><p>A sua privacidade \u00e9 muito importante para o Atelier da Constru\u00e7\u00e3o. Respeitamo-la e estamos empenhados em proteg\u00ea-la.<\/p><p>O Atelier da Constru\u00e7\u00e3o compromete-se sempre a respeitar e a cumprir o previsto na legisla\u00e7\u00e3o nacional e europeia que rege o tratamento de dados pessoais e, por consequ\u00eancia, \u00e0 defesa e prote\u00e7\u00e3o da privacidade, nomeadamente:<\/p><ul><li>a) Lei de Prote\u00e7\u00e3o de Dados Pessoais \u2014 Lei n.\u00ba 67\/98, de 26 de outubro<\/li><li>b) Regulamento Geral sobre a Prote\u00e7\u00e3o de Dados \u2014 Regulamento (UE) 2016\/679 do Parlamento Europeu e do Conselho, de 27 de abril<\/li><\/ul><p>O Atelier da Constru\u00e7\u00e3o advoga tamb\u00e9m todas e quaisquer outras normativas que permitam o estrito cumprimento do tema em quest\u00e3o.<\/p><p>Os presentes termos e condi\u00e7\u00f5es e pol\u00edtica de privacidade respeitam ao s\u00edtio na Internet supracitado, dando a conhecer aos titulares dos dados a forma de tratamento dos mesmos.<\/p><p>A utiliza\u00e7\u00e3o deste site implica a aceita\u00e7\u00e3o da presente Pol\u00edtica de Privacidade. Caso discorde da mesma, queira por favor abandonar, neste momento, a sua visita.<\/p><p><strong>Confidencialidade dos dados<br \/><\/strong>N\u00e3o solicitamos qualquer informa\u00e7\u00e3o de car\u00e1ter pessoal, nem recolhemos dados pessoais, aquando da utiliza\u00e7\u00e3o do nosso s\u00edtio, exceptuando dados t\u00e9cnicos autom\u00e1ticos provenientes de cookies, conforme abaixo descrito. N\u00e3o obstante, por sua pr\u00f3pria iniciativa, quando entrar em contacto connosco por email, telefone, carta ou presencialmente pelas formas descritas na nossa p\u00e1gina de contactos do nosso s\u00edtio, poder\u00e3o ser solicitadas informa\u00e7\u00f5es referentes a email, telefone e outros dados que possam ser importantes para o acompanhamento do (potencial) cliente. As informa\u00e7\u00f5es ser\u00e3o somente utilizadas pelo Atelier da Constru\u00e7\u00e3o para os prop\u00f3sitos em quest\u00e3o.<\/p><p>Sempre que visita o nosso site, \u00e9 instalado um cookie no seu computador ou outro dispositivo que o aceda. Um cookie \u00e9 um ficheiro de texto que um site envia para o software do seu browser. Os cookies permitem que um site personalize as informa\u00e7\u00f5es que lhe s\u00e3o apresentadas, com base nas suas prefer\u00eancias de navega\u00e7\u00e3o. Poder\u00e1 optar por n\u00e3o receber cookies no seu browser, acedendo \u00e0s configura\u00e7\u00f5es do mesmo.<\/p><p>O Atelier da Constru\u00e7\u00e3o tamb\u00e9m utiliza cookies para rastrear as visitas ao nosso site.<br \/>As informa\u00e7\u00f5es recolhidas ajudam-nos a optimizar o conte\u00fado, navega\u00e7\u00e3o, layout e desempenho do site, para que possamos proporcionar um melhor servi\u00e7o.<\/p><p>N\u00e3o facultamos a terceiros, sob circunst\u00e2ncia alguma, as suas informa\u00e7\u00f5es pessoais, sem previamente o informarmos, e sempre em conformidade com a legisla\u00e7\u00e3o atualmente em vigor relativa \u00e0 protec\u00e7\u00e3o das informa\u00e7\u00f5es pessoais.<\/p><p>As suas informa\u00e7\u00f5es pessoais poder\u00e3o ser transmitidas a fornecedores externos subcontratados para determinados servi\u00e7os, aos quais exigimos que as mantenham igualmente confidenciais.<\/p><p><strong>Respons\u00e1vel pelo tratamento de dados<br \/><\/strong>O Atelier da Constru\u00e7\u00e3o \u00e9 a entidade respons\u00e1vel pelo rece\u00e7\u00e3o e tratamento dos dados pessoais, selecionando que dados s\u00e3o recolhidos (via cookies), as formas de tratamento dos mesmos e o prop\u00f3sito da sua utiliza\u00e7\u00e3o.<\/p><p><strong>Controlo sobre os seus dados e esquecimento<br \/><\/strong>O Atelier da Constru\u00e7\u00e3o faculta a todos os clientes a possibilidade de rever, alterar, anular ou eliminar os seus dados pessoais. Para tal, basta contactar-nos por email pelo seguinte endere\u00e7o geral@atelierdaconstrucao.com e sugerir a altera\u00e7\u00e3o desejada.<br \/>O Atelier da Constru\u00e7\u00e3o dar\u00e1 resposta a todos os pedidos no menor curto de espa\u00e7o tempo poss\u00edvel.<\/p><p><strong>Tempo de armazenamento<br \/><\/strong>O Atelier da Constru\u00e7\u00e3o guarda os dados at\u00e9 ao m\u00e1ximo de dois anos. Ap\u00f3s este per\u00edodo, os mesmos ser\u00e3o eliminados, exceto os que ter\u00e3o que ser mantidos para cumprir as obriga\u00e7\u00f5es legais do Atelier da Constru\u00e7\u00e3o, e somente pelo per\u00edodo de tempo necess\u00e1rio, ap\u00f3s o qual ser\u00e3o exclu\u00eddos.<\/p><p><strong>Formas de contacto com o cliente<br \/><\/strong>A sua opini\u00e3o \u00e9 importante para n\u00f3s. Poder\u00e1 ser contactado quando nos coloca alguma quest\u00e3o ou solicita algum esclarecimento utilizando o nosso endere\u00e7o de email. Esse contacto poder\u00e1 dar-se por email, por telefone ou atrav\u00e9s de reuni\u00e3o presencial.<\/p><p><strong>Links a sites terceiros<br \/><\/strong>N\u00e3o inclu\u00edmos hiperliga\u00e7\u00f5es para sites de terceiros.<\/p><p><strong>Altera\u00e7\u00f5es \u00e0 Pol\u00edtica de Privacidade<br \/><\/strong>Quaisquer mudan\u00e7as realizadas na Pol\u00edtica de Privacidade do Atelier da Constru\u00e7\u00e3o ser\u00e3o descriminadas nesta p\u00e1gina.<\/p><p><strong>Comiss\u00e3o Nacional de Prote\u00e7\u00e3o de Dados (CNPD)<br \/><\/strong>A CNPD \u00e9 a Autoridade Nacional de Controlo de Dados Pessoais, tendo \u201c[\u2026] como atribui\u00e7\u00e3o gen\u00e9rica controlar e fiscalizar o processamento de dados pessoais, em rigoroso respeito pelos direitos do homem e pelas liberdades e garantias consagradas na Constitui\u00e7\u00e3o e na lei.\u201d Fonte: https:\/\/www.cnpd.pt\/bin\/cnpd\/acnpd.htm<br \/>Saiba que dever\u00e1 recorrer \u00e0 CNPD para qualquer reclama\u00e7\u00e3o referente \u00e0 utiliza\u00e7\u00e3o dos seus dados pessoais.<\/p><p><strong>Contact<br \/><\/strong>Para quaisquer quest\u00f5es relativas a esta Pol\u00edtica de Privacidade e assuntos relacionados, ou para efetuar uma reclama\u00e7\u00e3o, \u00e9 favor contactar:<\/p><p>A\/c Departamento de Privacidade<br \/>Atelier da Constru\u00e7\u00e3o<br \/>Sitio das Escanxinas \u2013 Caixa Postal 338<\/p><p>8135-016 Almancil<\/p><p>tel.: +351\u00a0289\u00a0391 319<br \/>email:geral@atelierdaconstrucao.com<\/p>\t\t\t\t\t\t\t\t<\/div>\n\t\t\t\t<\/div>\n\t\t\t\t<\/div>\n\t\t\t\t\t<\/div>\n\t\t\t\t<\/div>\n\t\t\t\t<\/div>\n\t\t\t\t\t<\/div>\n\t\t\t\t<\/div>\n\t\t\t\t<\/div>","protected":false},"excerpt":{"rendered":"<p>Pol\u00edtica de Privacidade Considera\u00e7\u00f5es geraisAtelier da Constru\u00e7\u00e3o \u2013 By AdC, Lda. (adiante designado por Atelier da Constru\u00e7\u00e3o), contribuinte n\u00ba 513\u00a0665 463, estabelecido em:Sitio das Escanxinas \u2013 Caixa postal 338, 8135-016 Almancil, \u00e9 a empresa propriet\u00e1ria do s\u00edtio na Internet sob o dom\u00ednio www.atelierdaconstrucao.com, destinado \u00e0 apresenta\u00e7\u00e3o da sua marca, comunica\u00e7\u00e3o dos seus servi\u00e7os, portf\u00f3lio e [&hellip;]<\/p>","protected":false},"author":1,"featured_media":0,"parent":0,"menu_order":0,"comment_status":"closed","ping_status":"closed","template":"","meta":{"footnotes":""},"class_list":["post-316","page","type-page","status-publish","hentry"],"_links":{"self":[{"href":"https:\/\/atelierdaconstrucao.com\/en\/wp-json\/wp\/v2\/pages\/316","targetHints":{"allow":["GET"]}}],"collection":[{"href":"https:\/\/atelierdaconstrucao.com\/en\/wp-json\/wp\/v2\/pages"}],"about":[{"href":"https:\/\/atelierdaconstrucao.com\/en\/wp-json\/wp\/v2\/types\/page"}],"author":[{"embeddable":true,"href":"https:\/\/atelierdaconstrucao.com\/en\/wp-json\/wp\/v2\/users\/1"}],"replies":[{"embeddable":true,"href":"https:\/\/atelierdaconstrucao.com\/en\/wp-json\/wp\/v2\/comments?post=316"}],"version-history":[{"count":4,"href":"https:\/\/atelierdaconstrucao.com\/en\/wp-json\/wp\/v2\/pages\/316\/revisions"}],"predecessor-version":[{"id":320,"href":"https:\/\/atelierdaconstrucao.com\/en\/wp-json\/wp\/v2\/pages\/316\/revisions\/320"}],"wp:attachment":[{"href":"https:\/\/atelierdaconstrucao.com\/en\/wp-json\/wp\/v2\/media?parent=316"}],"curies":[{"name":"wp","href":"https:\/\/api.w.org\/{rel}","templated":true}]}}